{"id":9,"date":"2018-10-02T12:46:33","date_gmt":"2018-10-02T12:46:33","guid":{"rendered":"https:\/\/www.kapelaflash.sk\/?page_id=9"},"modified":"2023-06-15T07:37:44","modified_gmt":"2023-06-15T07:37:44","slug":"contact","status":"publish","type":"page","link":"https:\/\/www.kapelaflash.sk\/?page_id=9","title":{"rendered":"KONTAKT"},"content":{"rendered":"<h2 class=\"widget-title\">KAPELA FLASH<\/h2>\n<div class=\"textwidget\">\n<p><b>Liptovsk\u00fd Mikul\u00e1\u0161<\/b><\/p>\n<p>0905 463 270<\/p>\n<p><em>e-mail:&nbsp; &nbsp;rasto@kapelaflash.sk<\/em><\/p>\n<\/div>\n<p><img loading=\"lazy\" decoding=\"async\" class=\"alignnone wp-image-601 size-medium\" src=\"https:\/\/www.kapelaflash.sk\/wp-content\/uploads\/2022\/08\/vizit-NAVRHCOREL5-300x181.jpg\" alt=\"\" width=\"300\" height=\"181\" srcset=\"https:\/\/www.kapelaflash.sk\/wp-content\/uploads\/2022\/08\/vizit-NAVRHCOREL5-300x181.jpg 300w, https:\/\/www.kapelaflash.sk\/wp-content\/uploads\/2022\/08\/vizit-NAVRHCOREL5-1024x619.jpg 1024w, https:\/\/www.kapelaflash.sk\/wp-content\/uploads\/2022\/08\/vizit-NAVRHCOREL5-768x464.jpg 768w, https:\/\/www.kapelaflash.sk\/wp-content\/uploads\/2022\/08\/vizit-NAVRHCOREL5.jpg 1074w\" sizes=\"auto, (max-width: 300px) 100vw, 300px\" \/><\/p>\n<div data-test='contact-form'\n\t\t\tid='contact-form-9'\n\t\t\tclass='jetpack-contact-form-container '\n\t\t\tdata-wp-interactive='jetpack\/form' data-wp-context='{\"formId\":\"9\",\"formHash\":\"86063ece8ab1f774ecfcd5682b7f32130d570d6f\",\"showErrors\":false,\"errors\":[],\"fields\":[],\"isMultiStep\":false,\"useAjax\":true,\"submissionData\":null,\"formattedSubmissionData\":[],\"submissionSuccess\":false,\"submissionError\":null,\"elementId\":\"jp-form-86063ece8ab1f774ecfcd5682b7f32130d570d6f\",\"isSingleInputForm\":false,\"isForcedHorizontal\":false}'\n\t\t\tdata-wp-watch--scroll-to-wrapper=\"callbacks.scrollToWrapper\"\n\t\t>\n<div class=\"contact-form-submission contact-form-ajax-submission\" data-wp-bind--aria-hidden=\"state.isSuccessMessageAriaHidden\" data-wp-class--submission-success=\"context.submissionSuccess\" id=\"contact-form-success-86063ece8ab1f774ecfcd5682b7f32130d570d6f\" tabindex=\"-1\" aria-labelledby=\"contact-form-success-header-86063ece8ab1f774ecfcd5682b7f32130d570d6f\"><p class=\"go-back-message\"><a class=\"link\" role=\"button\" tabindex=\"0\" data-wp-on--click=\"actions.goBack\" href=\"\/index.php?rest_route=%2Fwp%2Fv2%2Fpages%2F9\">\u2190 Back<\/a><\/p><h4 data-wp-bind--aria-hidden=\"state.isSuccessMessageAriaHidden\" id=\"contact-form-success-header-86063ece8ab1f774ecfcd5682b7f32130d570d6f\">Your message has been sent<\/h4>\n\n<template data-wp-each--submission=\"context.formattedSubmissionData\">\n\t\t\t\t\t<div class=\"jetpack_forms_contact-form-success-summary\">\n\t\t\t\t\t\t<div class=\"field-name-wrapper\">\n\t\t\t\t\t\t\t<div class=\"field-type-icon\" data-wp-watch=\"callbacks.watchFieldTypeIcon\"><\/div>\n\t\t\t\t\t\t\t<div class=\"field-name\" data-wp-text=\"context.submission.label\" data-wp-bind--hidden=\"!context.submission.label\"><\/div>\n\t\t\t\t\t\t<\/div>\n\t\t\t\t\t\t<div class=\"field-value\" data-wp-text=\"context.submission.value\" data-wp-bind--hidden=\"!context.submission.showPlainValue\"><\/div>\n\t\t\t\t\t\t<a class=\"field-url\" data-wp-bind--href=\"context.submission.url\" data-wp-text=\"context.submission.value\" data-wp-bind--hidden=\"!context.submission.url\" target=\"_blank\" rel=\"noopener noreferrer\"><\/a>\n\t\t\t\t\t\t<div class=\"field-rating\" data-wp-bind--hidden=\"!context.submission.rating\" data-wp-watch=\"callbacks.watchRatingIcons\"><\/div>\n\t\t\t\t\t\t<div class=\"field-images\" data-wp-bind--hidden=\"!context.submission.images\">\n\t\t\t\t\t\t\t<template data-wp-each--image=\"context.submission.images\">\n\t\t\t\t\t\t\t\t<div class=\"field-image-option\" data-wp-class--is-empty=\"!context.image.src\">\n\t\t\t\t\t\t\t\t\t<figure class=\"field-image-option__image\" data-wp-class--is-empty=\"!context.image.src\">\n\t\t\t\t\t\t\t\t\t\t<img data-wp-bind--src=\"context.image.src\" data-wp-bind--hidden=\"!context.image.src\" \/>\n\t\t\t\t\t\t\t\t\t\t<img decoding=\"async\" src=\"data:image\/gif;base64,R0lGODlhAQABAAD\/ACwAAAAAAQABAAACADs=\" data-wp-bind--hidden=\"context.image.src\" \/>\n\t\t\t\t\t\t\t\t\t<\/figure>\n\t\t\t\t\t\t\t\t\t<div class=\"field-image-option__label-wrapper\">\n\t\t\t\t\t\t\t\t\t\t<span class=\"field-image-option__label-code\" data-wp-text=\"context.image.letterCode\"><\/span>\n\t\t\t\t\t\t\t\t\t\t<span class=\"field-image-option__label\" data-wp-text=\"context.image.label\" data-wp-bind--hidden=\"!context.image.label\"><\/span>\n\t\t\t\t\t\t\t\t\t<\/div>\n\t\t\t\t\t\t\t\t<\/div>\n\t\t\t\t\t\t\t<\/template>\n\t\t\t\t\t\t<\/div>\n\t\t\t\t\t\t<div class=\"field-files\" data-wp-bind--hidden=\"!context.submission.files\">\n\t\t\t\t\t\t\t<template data-wp-each--file=\"context.submission.files\">\n\t\t\t\t\t\t\t\t<div class=\"field-file\">\n\t\t\t\t\t\t\t\t\t<div class=\"field-file__thumbnail\" data-wp-style--background-image=\"context.file.previewUrl\" data-wp-style--mask-image=\"context.file.iconUrl\" data-wp-bind--hidden=\"!context.file.hasPreview\"><\/div>\n\t\t\t\t\t\t\t\t\t<svg class=\"field-file__icon\" data-wp-bind--hidden=\"context.file.hasPreview\" width=\"20\" height=\"20\" viewBox=\"0 0 24 24\" fill=\"none\" xmlns=\"http:\/\/www.w3.org\/2000\/svg\" aria-hidden=\"true\">\n\t\t\t\t\t\t\t\t\t\t<path d=\"M14 2H6C4.9 2 4 2.9 4 4V20C4 21.1 4.89 22 5.99 22H18C19.1 22 20 21.1 20 20V8L14 2ZM18 20H6V4H13V9H18V20Z\" fill=\"currentColor\"\/>\n\t\t\t\t\t\t\t\t\t<\/svg>\n\t\t\t\t\t\t\t\t\t<span class=\"field-file__name\" data-wp-text=\"context.file.name\"><\/span>\n\t\t\t\t\t\t\t\t\t<span class=\"field-file__size\" data-wp-text=\"context.file.size\"><\/span>\n\t\t\t\t\t\t\t\t<\/div>\n\t\t\t\t\t\t\t<\/template>\n\t\t\t\t\t\t<\/div>\n\t\t\t\t\t<\/div>\n\t\t\t\t<\/template><\/div><form action='https:\/\/www.kapelaflash.sk\/?page_id=9'\n\t\t\t\tid='jp-form-86063ece8ab1f774ecfcd5682b7f32130d570d6f'\n\t\t\t\tmethod='post'\n\t\t\t\tclass='contact-form commentsblock jetpack-contact-form__form has-no-jetpack-form-layout' aria-label=\"KONTAKT\"\n\t\t\t\tdata-wp-on--submit=\"actions.onFormSubmit\"\n\t\t\t\tdata-wp-on--reset=\"actions.onFormReset\"\n\t\t\t\tdata-wp-class--submission-success=\"context.submissionSuccess\"\n\t\t\t\tdata-wp-class--is-first-step=\"state.isFirstStep\"\n\t\t\t\tdata-wp-class--is-last-step=\"state.isLastStep\"\n\t\t\t\tdata-wp-class--is-ajax-form=\"context.useAjax\"\n\t\t\t\tnovalidate >\n<input type='hidden' name='jetpack_contact_form_jwt' value='eyJ0eXAiOiJKV1QiLCJhbGciOiJIUzI1NiJ9.eyJlbmNyeXB0ZWRfYXR0cmlidXRlcyI6IjJ6Zko0ei94VjBzOGJnTEFubWFzekMvb2dVV2M5Zy9idXVwVE5oZll5clhYU20xRTBPb0VsM0Q1NloweUIrWXd3V0pVcFFMMG52RC9ua2lmckttWXRLNVUyZGI1ZjkzU0ZkUnM4MTFVbnE5NVdJWDRIUnZWUlFMa0JQb0ZwWTJjQXJQc2MwVVJrcmNKRjhJSWVqMzRVVnk2d2hHbjJWSzNXZ0dFcDd5NEZCd015dnlTUnFBSzFNUHFJM3k2bWRVdWNHLzlxTXZRZHV6bDFqUTBrb1RmQnhiQjR3UmpqRDllMXgwSEVpNzVTMzBhMFRENHE0UXdJSFA2dGFhNGJ1TFVKWnJTTERzQjFkTzZBNlI5ejZwN3FtTDc5eGFIS0tsTXFDWVBicGxoUjBZWlh1M2llZUZXYndXTFpaSzFmVTBqOFlRbXI0UFJCeDZxMnVTcFY0OWNYKzc0SStON2pXZ2JLaDBTL0hNZlZ6NzltODFrUXREc0ZEb2dWS1dwU2MvdDh5MVJQTExDc3ArMFRLL0p3dXdWVGNLeWNxNWtEUVFxSlpqRk0xcGJkWE9hNHBCTWMxVGUyRVRwQmpXZEtTOUZEY1hxK0Jva2loT1kvaHV1eGtFVnZDTzM5NFJvVVRFMWkwNTF4Q0tiRnpicUR5UzlmVU1aRUJEY2hoL0ZmWVRIbitnUnUyc0xRNUdxZk9rUlJkSmNLcUo1cXRaUXZNZGZnMDA1QytrMkRZcHpSejc3VUZIYVJTRFpsc0VBRE9zVDJsdmdGSjhnZDVrWmJPZ0NMWG5ia0tLN3htLzZ1Uk0yUzQ0TVA0UlFaUHdjR2drSGl6ZFRQNE5GSHNNT0RzN1BXLy82c3dvakRlRXhTRGNNTCsweVJIUXF0MjgxNEV0SlgxOS9iRkc4WFNXTlp6OC9ONlZGN1d3RmwzTUE2WVRGamxrVnJHYkVnejIwQ1pabFFLV3R1bVhFUzhsT3NuS3pmd3pXZEZJRVVlUE9GOGJvRkdTQjljZUg0Z0JQWVVYSW54bVVoTkNQQjJoZ00zMmdXaXk3b1JQbDB3dDJqMkZ5MGpXVFp5QnhhV1VYSkMwMDNUMXdEKytKaEJZS25MQjFRei9MajV3RVlQaWZUNHhrU2JYcGdGdWJRczlXNkhpVnljMzBLWkdtb3ZDWTBuYz0iLCJjb250ZW50IjoiW2NvbnRhY3QtZmllbGQgbGFiZWw9XCJNZW5vXCIgdHlwZT1cIm5hbWVcIiByZXF1aXJlZD1cIjFcIl1bY29udGFjdC1maWVsZCBsYWJlbD1cIkUtbWFpbFwiIHR5cGU9XCJlbWFpbFwiIHJlcXVpcmVkPVwiMVwiXVtjb250YWN0LWZpZWxkIGxhYmVsPVwiU3ByXHUwMGUxdmFcIiB0eXBlPVwidGV4dGFyZWFcIl0iLCJoYXNoIjoiODYwNjNlY2U4YWIxZjc3NGVjZmNkNTY4MmI3ZjMyMTMwZDU3MGQ2ZiIsInNvdXJjZSI6eyJlbnRyeV90aXRsZSI6IktPTlRBS1QiLCJlbnRyeV9wYWdlIjoxLCJzb3VyY2VfaWQiOjksInNvdXJjZV90eXBlIjoic2luZ2xlIiwicmVxdWVzdF91cmwiOiJodHRwczovL3d3dy5rYXBlbGFmbGFzaC5zayJ9LCJ2ZXJzaW9uIjoyLCJjaXBoZXIiOiJhZXMtMjU2LWdjbSJ9.JQ6NOSIyocryu4WyitpeNHCgPEW0kVOT4ThA2aL3-cI' \/>\n\n<div style=\"\"  data-wp-interactive=\"jetpack\/form\" data-wp-context='{\"fieldId\":\"g9-meno\",\"fieldType\":\"name\",\"fieldLabel\":\"Meno\",\"fieldValue\":\"\",\"fieldPlaceholder\":\"\",\"fieldIsRequired\":\"1\",\"fieldErrorMessage\":\"\",\"fieldExtra\":[],\"formHash\":\"86063ece8ab1f774ecfcd5682b7f32130d570d6f\"}'  class='grunion-field-name-wrap grunion-field-wrap'  data-wp-init='callbacks.initializeField' data-wp-on--jetpack-form-reset='callbacks.initializeField' >\n<label\n\t\t\t\tfor='g9-meno' class=\"grunion-field-label name\" >Meno<span class=\"grunion-label-required\" aria-hidden=\"true\">(povinn\u00e9)<\/span><\/label>\n<input\n\t\t\t\t\ttype='text'\n\t\t\t\t\tname='g9-meno'\n\t\t\t\t\tid='g9-meno'\n\t\t\t\t\tvalue=''\n\n\t\t\t\t\tdata-wp-bind--aria-invalid='state.fieldAriaInvalid'\n\t\t\t\t\tdata-wp-bind--value='state.getFieldValue'\n\t\t\t\t\taria-describedby='g9-meno-text-error-message'\n\t\t\t\t\tdata-wp-on--input='actions.onFieldChange'\n\t\t\t\t\tdata-wp-on--blur='actions.onFieldBlur'\n\t\t\t\t\tdata-wp-class--has-value='state.hasFieldValue'\n\n\t\t\t\t\tclass='name  grunion-field' \n\t\t\t\t\trequired='true' aria-required='true'  \/>\n \n\t\t\t<div id=\"g9-meno-text-error\" class=\"contact-form__input-error\" data-wp-class--has-errors=\"state.fieldHasErrors\">\n\t\t\t\t<span class=\"contact-form__warning-icon\" aria-hidden=\"true\">\n\t\t\t\t\t<svg width=\"16\" height=\"16\" viewBox=\"0 0 16 16\" fill=\"none\" xmlns=\"http:\/\/www.w3.org\/2000\/svg\">\n\t\t\t\t\t\t<path d=\"M8.50015 11.6402H7.50015V10.6402H8.50015V11.6402Z\" \/>\n\t\t\t\t\t\t<path d=\"M7.50015 9.64018H8.50015V6.30684H7.50015V9.64018Z\" \/>\n\t\t\t\t\t\t<path fill-rule=\"evenodd\" clip-rule=\"evenodd\" d=\"M6.98331 3.0947C7.42933 2.30177 8.57096 2.30177 9.01698 3.09469L13.8771 11.7349C14.3145 12.5126 13.7525 13.4735 12.8602 13.4735H3.14004C2.24774 13.4735 1.68575 12.5126 2.12321 11.7349L6.98331 3.0947ZM8.14541 3.58496C8.08169 3.47168 7.9186 3.47168 7.85488 3.58496L2.99478 12.2251C2.93229 12.3362 3.01257 12.4735 3.14004 12.4735H12.8602C12.9877 12.4735 13.068 12.3362 13.0055 12.2251L8.14541 3.58496Z\" \/>\n\t\t\t\t\t<\/svg>\n\t\t\t\t<\/span>\n\t\t\t\t<span data-wp-text=\"state.errorMessage\" id=\"g9-meno-text-error-message\"><\/span>\n\t\t\t<\/div> \n\t<\/div>\n\n<div style=\"\"  data-wp-interactive=\"jetpack\/form\" data-wp-context='{\"fieldId\":\"g9-email\",\"fieldType\":\"email\",\"fieldLabel\":\"E-mail\",\"fieldValue\":\"\",\"fieldPlaceholder\":\"\",\"fieldIsRequired\":\"1\",\"fieldErrorMessage\":\"\",\"fieldExtra\":[],\"formHash\":\"86063ece8ab1f774ecfcd5682b7f32130d570d6f\"}'  class='grunion-field-email-wrap grunion-field-wrap'  data-wp-init='callbacks.initializeField' data-wp-on--jetpack-form-reset='callbacks.initializeField' >\n<label\n\t\t\t\tfor='g9-email' class=\"grunion-field-label email\" >E-mail<span class=\"grunion-label-required\" aria-hidden=\"true\">(povinn\u00e9)<\/span><\/label>\n<input\n\t\t\t\t\ttype='email'\n\t\t\t\t\tname='g9-email'\n\t\t\t\t\tid='g9-email'\n\t\t\t\t\tvalue=''\n\n\t\t\t\t\tdata-wp-bind--aria-invalid='state.fieldAriaInvalid'\n\t\t\t\t\tdata-wp-bind--value='state.getFieldValue'\n\t\t\t\t\taria-describedby='g9-email-email-error-message'\n\t\t\t\t\tdata-wp-on--input='actions.onFieldChange'\n\t\t\t\t\tdata-wp-on--blur='actions.onFieldBlur'\n\t\t\t\t\tdata-wp-class--has-value='state.hasFieldValue'\n\n\t\t\t\t\tclass='email  grunion-field' \n\t\t\t\t\trequired='true' aria-required='true'  \/>\n \n\t\t\t<div id=\"g9-email-email-error\" class=\"contact-form__input-error\" data-wp-class--has-errors=\"state.fieldHasErrors\">\n\t\t\t\t<span class=\"contact-form__warning-icon\" aria-hidden=\"true\">\n\t\t\t\t\t<svg width=\"16\" height=\"16\" viewBox=\"0 0 16 16\" fill=\"none\" xmlns=\"http:\/\/www.w3.org\/2000\/svg\">\n\t\t\t\t\t\t<path d=\"M8.50015 11.6402H7.50015V10.6402H8.50015V11.6402Z\" \/>\n\t\t\t\t\t\t<path d=\"M7.50015 9.64018H8.50015V6.30684H7.50015V9.64018Z\" \/>\n\t\t\t\t\t\t<path fill-rule=\"evenodd\" clip-rule=\"evenodd\" d=\"M6.98331 3.0947C7.42933 2.30177 8.57096 2.30177 9.01698 3.09469L13.8771 11.7349C14.3145 12.5126 13.7525 13.4735 12.8602 13.4735H3.14004C2.24774 13.4735 1.68575 12.5126 2.12321 11.7349L6.98331 3.0947ZM8.14541 3.58496C8.08169 3.47168 7.9186 3.47168 7.85488 3.58496L2.99478 12.2251C2.93229 12.3362 3.01257 12.4735 3.14004 12.4735H12.8602C12.9877 12.4735 13.068 12.3362 13.0055 12.2251L8.14541 3.58496Z\" \/>\n\t\t\t\t\t<\/svg>\n\t\t\t\t<\/span>\n\t\t\t\t<span data-wp-text=\"state.errorMessage\" id=\"g9-email-email-error-message\"><\/span>\n\t\t\t<\/div> \n\t<\/div>\n\n<div style=\"\"  data-wp-interactive=\"jetpack\/form\" data-wp-context='{\"fieldId\":\"g9-sprva\",\"fieldType\":\"textarea\",\"fieldLabel\":\"Spr\\u00e1va\",\"fieldValue\":\"\",\"fieldPlaceholder\":\"\",\"fieldIsRequired\":\"\",\"fieldErrorMessage\":\"\",\"fieldExtra\":[],\"formHash\":\"86063ece8ab1f774ecfcd5682b7f32130d570d6f\"}'  class='grunion-field-textarea-wrap grunion-field-wrap'  data-wp-init='callbacks.initializeField' data-wp-on--jetpack-form-reset='callbacks.initializeField' >\n<label\n\t\t\t\tfor='contact-form-comment-g9-sprva' class=\"grunion-field-label textarea\" >Spr\u00e1va<\/label>\n<textarea\n\t\t                style=''\n\t\t                name='g9-sprva'\n\t\t                id='contact-form-comment-g9-sprva'\n\t\t                rows='20'\n\t\t\t\t\t\tdata-wp-text='state.getFieldValue'\n\t\t\t\t\t\tdata-wp-on--input='actions.onFieldChange'\n\t\t\t\t\t\tdata-wp-on--blur='actions.onFieldBlur'\n\t\t\t\t\t\tdata-wp-class--has-value='state.hasFieldValue'\n\t\t\t\t\t\taria-describedby='g9-sprva-textarea-error-message'\n\t\t\t\t\t\tdata-wp-bind--aria-invalid='state.fieldAriaInvalid'\n\t\t\t\t\t\tclass='textarea  grunion-field'  ><\/textarea>\n \n\t\t\t<div id=\"g9-sprva-textarea-error\" class=\"contact-form__input-error\" data-wp-class--has-errors=\"state.fieldHasErrors\">\n\t\t\t\t<span class=\"contact-form__warning-icon\" aria-hidden=\"true\">\n\t\t\t\t\t<svg width=\"16\" height=\"16\" viewBox=\"0 0 16 16\" fill=\"none\" xmlns=\"http:\/\/www.w3.org\/2000\/svg\">\n\t\t\t\t\t\t<path d=\"M8.50015 11.6402H7.50015V10.6402H8.50015V11.6402Z\" \/>\n\t\t\t\t\t\t<path d=\"M7.50015 9.64018H8.50015V6.30684H7.50015V9.64018Z\" \/>\n\t\t\t\t\t\t<path fill-rule=\"evenodd\" clip-rule=\"evenodd\" d=\"M6.98331 3.0947C7.42933 2.30177 8.57096 2.30177 9.01698 3.09469L13.8771 11.7349C14.3145 12.5126 13.7525 13.4735 12.8602 13.4735H3.14004C2.24774 13.4735 1.68575 12.5126 2.12321 11.7349L6.98331 3.0947ZM8.14541 3.58496C8.08169 3.47168 7.9186 3.47168 7.85488 3.58496L2.99478 12.2251C2.93229 12.3362 3.01257 12.4735 3.14004 12.4735H12.8602C12.9877 12.4735 13.068 12.3362 13.0055 12.2251L8.14541 3.58496Z\" \/>\n\t\t\t\t\t<\/svg>\n\t\t\t\t<\/span>\n\t\t\t\t<span data-wp-text=\"state.errorMessage\" id=\"g9-sprva-textarea-error-message\"><\/span>\n\t\t\t<\/div>\n\t<\/div>\n\t<p class='contact-submit'>\n<div class=\"contact-form__error\" data-wp-class--show-errors=\"state.showFormErrors\"><span class=\"contact-form__warning-icon\" aria-hidden=\"true\"><i><\/i><\/span><span class=\"contact-form__error-message\" tabindex=\"-1\" data-wp-watch=\"callbacks.focusOnValidationError\" data-wp-text=\"state.getFormErrorMessage\"><\/span><ul aria-label=\"Form errors\">\n\t\t\t\t<template data-wp-each=\"state.getErrorList\" data-wp-key=\"context.item.id\">\n\t\t\t\t\t<li><a data-wp-bind--href=\"context.item.anchor\" data-wp-on--click=\"actions.scrollIntoView\" data-wp-text=\"context.item.label\"><\/a><\/li>\n\t\t\t\t<\/template>\n\t\t\t\t<\/ul><\/div><div class=\"contact-form__error\" data-wp-class--show-errors=\"state.showSubmissionError\" data-wp-text=\"context.submissionError\" tabindex=\"-1\" data-wp-watch=\"callbacks.focusOnSubmissionError\"><\/div>\t\t<button type='submit' class='pushbutton-wide'>Zasla\u0165<\/button>\t\t<input type='hidden' name='contact-form-id' value='9' \/>\n\t\t<input type='hidden' name='action' value='grunion-contact-form' \/>\n\t\t<input type='hidden' name='contact-form-hash' value='86063ece8ab1f774ecfcd5682b7f32130d570d6f' \/>\n\t<\/p>\n<\/form>\n<\/div>\n","protected":false},"excerpt":{"rendered":"<p>KAPELA FLASH Liptovsk\u00fd Mikul\u00e1\u0161 0905 463 270 e-mail:&nbsp; &nbsp;rasto@kapelaflash.sk<\/p>\n","protected":false},"author":1,"featured_media":933,"parent":0,"menu_order":0,"comment_status":"closed","ping_status":"closed","template":"","meta":{"jetpack_post_was_ever_published":false,"footnotes":""},"class_list":["post-9","page","type-page","status-publish","has-post-thumbnail","hentry"],"yoast_head":"<!-- This site is optimized with the Yoast SEO plugin v20.13 - https:\/\/yoast.com\/wordpress\/plugins\/seo\/ -->\n<title>KONTAKT - HUDBA PRE V\u0160ETKY UDALOSTI<\/title>\n<meta name=\"robots\" content=\"index, follow, max-snippet:-1, max-image-preview:large, max-video-preview:-1\" \/>\n<link rel=\"canonical\" href=\"https:\/\/www.kapelaflash.sk\/?page_id=9\" \/>\n<meta property=\"og:locale\" content=\"sk_SK\" \/>\n<meta property=\"og:type\" content=\"article\" \/>\n<meta property=\"og:title\" content=\"KONTAKT - HUDBA PRE V\u0160ETKY UDALOSTI\" \/>\n<meta property=\"og:description\" content=\"KAPELA FLASH Liptovsk\u00fd Mikul\u00e1\u0161 0905 463 270 e-mail:&nbsp; &nbsp;rasto@kapelaflash.sk\" \/>\n<meta property=\"og:url\" content=\"https:\/\/www.kapelaflash.sk\/?page_id=9\" \/>\n<meta property=\"og:site_name\" content=\"HUDBA PRE V\u0160ETKY UDALOSTI\" \/>\n<meta property=\"article:modified_time\" content=\"2023-06-15T07:37:44+00:00\" \/>\n<meta property=\"og:image\" content=\"https:\/\/www.kapelaflash.sk\/wp-content\/uploads\/2023\/06\/fotovizit_pe-scaled.jpg\" \/>\n\t<meta property=\"og:image:width\" content=\"2428\" \/>\n\t<meta property=\"og:image:height\" content=\"2560\" \/>\n\t<meta property=\"og:image:type\" content=\"image\/jpeg\" \/>\n<meta name=\"twitter:card\" content=\"summary_large_image\" \/>\n<meta name=\"twitter:label1\" content=\"Predpokladan\u00fd \u010das \u010d\u00edtania\" \/>\n\t<meta name=\"twitter:data1\" content=\"1 min\u00fata\" \/>\n<script type=\"application\/ld+json\" class=\"yoast-schema-graph\">{\"@context\":\"https:\/\/schema.org\",\"@graph\":[{\"@type\":\"WebPage\",\"@id\":\"https:\/\/www.kapelaflash.sk\/?page_id=9\",\"url\":\"https:\/\/www.kapelaflash.sk\/?page_id=9\",\"name\":\"KONTAKT - HUDBA PRE V\u0160ETKY UDALOSTI\",\"isPartOf\":{\"@id\":\"https:\/\/www.kapelaflash.sk\/#website\"},\"datePublished\":\"2018-10-02T12:46:33+00:00\",\"dateModified\":\"2023-06-15T07:37:44+00:00\",\"breadcrumb\":{\"@id\":\"https:\/\/www.kapelaflash.sk\/?page_id=9#breadcrumb\"},\"inLanguage\":\"sk-SK\",\"potentialAction\":[{\"@type\":\"ReadAction\",\"target\":[\"https:\/\/www.kapelaflash.sk\/?page_id=9\"]}]},{\"@type\":\"BreadcrumbList\",\"@id\":\"https:\/\/www.kapelaflash.sk\/?page_id=9#breadcrumb\",\"itemListElement\":[{\"@type\":\"ListItem\",\"position\":1,\"name\":\"Domovsk\u00e1 str\u00e1nka\",\"item\":\"https:\/\/www.kapelaflash.sk\/\"},{\"@type\":\"ListItem\",\"position\":2,\"name\":\"KONTAKT\"}]},{\"@type\":\"WebSite\",\"@id\":\"https:\/\/www.kapelaflash.sk\/#website\",\"url\":\"https:\/\/www.kapelaflash.sk\/\",\"name\":\"HUDBA PRE V\u0160ETKY UDALOSTI\",\"description\":\"\",\"publisher\":{\"@id\":\"https:\/\/www.kapelaflash.sk\/#organization\"},\"potentialAction\":[{\"@type\":\"SearchAction\",\"target\":{\"@type\":\"EntryPoint\",\"urlTemplate\":\"https:\/\/www.kapelaflash.sk\/?s={search_term_string}\"},\"query-input\":\"required name=search_term_string\"}],\"inLanguage\":\"sk-SK\"},{\"@type\":\"Organization\",\"@id\":\"https:\/\/www.kapelaflash.sk\/#organization\",\"name\":\"HUDBA PRE V\u0160ETKY UDALOSTI\",\"url\":\"https:\/\/www.kapelaflash.sk\/\",\"logo\":{\"@type\":\"ImageObject\",\"inLanguage\":\"sk-SK\",\"@id\":\"https:\/\/www.kapelaflash.sk\/#\/schema\/logo\/image\/\",\"url\":\"https:\/\/www.kapelaflash.sk\/wp-content\/uploads\/2024\/01\/STODOLOVCI-FLASHmale2.jpg\",\"contentUrl\":\"https:\/\/www.kapelaflash.sk\/wp-content\/uploads\/2024\/01\/STODOLOVCI-FLASHmale2.jpg\",\"width\":160,\"height\":43,\"caption\":\"HUDBA PRE V\u0160ETKY UDALOSTI\"},\"image\":{\"@id\":\"https:\/\/www.kapelaflash.sk\/#\/schema\/logo\/image\/\"}}]}<\/script>\n<!-- \/ Yoast SEO plugin. -->","yoast_head_json":{"title":"KONTAKT - HUDBA PRE V\u0160ETKY UDALOSTI","robots":{"index":"index","follow":"follow","max-snippet":"max-snippet:-1","max-image-preview":"max-image-preview:large","max-video-preview":"max-video-preview:-1"},"canonical":"https:\/\/www.kapelaflash.sk\/?page_id=9","og_locale":"sk_SK","og_type":"article","og_title":"KONTAKT - HUDBA PRE V\u0160ETKY UDALOSTI","og_description":"KAPELA FLASH Liptovsk\u00fd Mikul\u00e1\u0161 0905 463 270 e-mail:&nbsp; &nbsp;rasto@kapelaflash.sk","og_url":"https:\/\/www.kapelaflash.sk\/?page_id=9","og_site_name":"HUDBA PRE V\u0160ETKY UDALOSTI","article_modified_time":"2023-06-15T07:37:44+00:00","og_image":[{"width":2428,"height":2560,"url":"https:\/\/www.kapelaflash.sk\/wp-content\/uploads\/2023\/06\/fotovizit_pe-scaled.jpg","type":"image\/jpeg"}],"twitter_card":"summary_large_image","twitter_misc":{"Predpokladan\u00fd \u010das \u010d\u00edtania":"1 min\u00fata"},"schema":{"@context":"https:\/\/schema.org","@graph":[{"@type":"WebPage","@id":"https:\/\/www.kapelaflash.sk\/?page_id=9","url":"https:\/\/www.kapelaflash.sk\/?page_id=9","name":"KONTAKT - HUDBA PRE V\u0160ETKY UDALOSTI","isPartOf":{"@id":"https:\/\/www.kapelaflash.sk\/#website"},"datePublished":"2018-10-02T12:46:33+00:00","dateModified":"2023-06-15T07:37:44+00:00","breadcrumb":{"@id":"https:\/\/www.kapelaflash.sk\/?page_id=9#breadcrumb"},"inLanguage":"sk-SK","potentialAction":[{"@type":"ReadAction","target":["https:\/\/www.kapelaflash.sk\/?page_id=9"]}]},{"@type":"BreadcrumbList","@id":"https:\/\/www.kapelaflash.sk\/?page_id=9#breadcrumb","itemListElement":[{"@type":"ListItem","position":1,"name":"Domovsk\u00e1 str\u00e1nka","item":"https:\/\/www.kapelaflash.sk\/"},{"@type":"ListItem","position":2,"name":"KONTAKT"}]},{"@type":"WebSite","@id":"https:\/\/www.kapelaflash.sk\/#website","url":"https:\/\/www.kapelaflash.sk\/","name":"HUDBA PRE V\u0160ETKY UDALOSTI","description":"","publisher":{"@id":"https:\/\/www.kapelaflash.sk\/#organization"},"potentialAction":[{"@type":"SearchAction","target":{"@type":"EntryPoint","urlTemplate":"https:\/\/www.kapelaflash.sk\/?s={search_term_string}"},"query-input":"required name=search_term_string"}],"inLanguage":"sk-SK"},{"@type":"Organization","@id":"https:\/\/www.kapelaflash.sk\/#organization","name":"HUDBA PRE V\u0160ETKY UDALOSTI","url":"https:\/\/www.kapelaflash.sk\/","logo":{"@type":"ImageObject","inLanguage":"sk-SK","@id":"https:\/\/www.kapelaflash.sk\/#\/schema\/logo\/image\/","url":"https:\/\/www.kapelaflash.sk\/wp-content\/uploads\/2024\/01\/STODOLOVCI-FLASHmale2.jpg","contentUrl":"https:\/\/www.kapelaflash.sk\/wp-content\/uploads\/2024\/01\/STODOLOVCI-FLASHmale2.jpg","width":160,"height":43,"caption":"HUDBA PRE V\u0160ETKY UDALOSTI"},"image":{"@id":"https:\/\/www.kapelaflash.sk\/#\/schema\/logo\/image\/"}}]}},"jetpack_sharing_enabled":true,"jetpack_shortlink":"https:\/\/wp.me\/PakjvJ-9","_links":{"self":[{"href":"https:\/\/www.kapelaflash.sk\/index.php?rest_route=\/wp\/v2\/pages\/9","targetHints":{"allow":["GET"]}}],"collection":[{"href":"https:\/\/www.kapelaflash.sk\/index.php?rest_route=\/wp\/v2\/pages"}],"about":[{"href":"https:\/\/www.kapelaflash.sk\/index.php?rest_route=\/wp\/v2\/types\/page"}],"author":[{"embeddable":true,"href":"https:\/\/www.kapelaflash.sk\/index.php?rest_route=\/wp\/v2\/users\/1"}],"replies":[{"embeddable":true,"href":"https:\/\/www.kapelaflash.sk\/index.php?rest_route=%2Fwp%2Fv2%2Fcomments&post=9"}],"version-history":[{"count":13,"href":"https:\/\/www.kapelaflash.sk\/index.php?rest_route=\/wp\/v2\/pages\/9\/revisions"}],"predecessor-version":[{"id":929,"href":"https:\/\/www.kapelaflash.sk\/index.php?rest_route=\/wp\/v2\/pages\/9\/revisions\/929"}],"wp:featuredmedia":[{"embeddable":true,"href":"https:\/\/www.kapelaflash.sk\/index.php?rest_route=\/wp\/v2\/media\/933"}],"wp:attachment":[{"href":"https:\/\/www.kapelaflash.sk\/index.php?rest_route=%2Fwp%2Fv2%2Fmedia&parent=9"}],"curies":[{"name":"wp","href":"https:\/\/api.w.org\/{rel}","templated":true}]}}