{"id":8,"date":"2018-10-02T12:46:33","date_gmt":"2018-10-02T12:46:33","guid":{"rendered":"https:\/\/www.kapelaflash.sk\/?page_id=8"},"modified":"2024-01-05T10:29:31","modified_gmt":"2024-01-05T10:29:31","slug":"hudba-pre-vsetky-udalosti","status":"publish","type":"page","link":"https:\/\/www.kapelaflash.sk\/?page_id=8","title":{"rendered":"O N\u00c1S"},"content":{"rendered":"<p style=\"text-align: left;\">Skupina FLASH vznikla v roku 2011 z\u00a0 b\u00fdval\u00fdch muzikantov, ktor\u00ed hrali\u00a0v\u00a0r\u00f4znych kapel\u00e1ch .<br \/>\nDnes vystupujeme ako DUO.<br \/>\nHr\u00e1vame\u00a0 na r\u00f4znych akci\u00e1ch, ako narodeninov\u00e9 oslavy ,svadby,\u00a0 firemn\u00e9 akcie , plesy,\u00a0 z\u00e1bavy at\u010f.<br \/>\nReperto\u00e1r m\u00e1me \u0161irok\u00fd a pozost\u00e1va preva\u017ene z \u010desko-slovenskej, ale aj zahrani\u010dnej tvorby,\u00a0 pre ak\u00fako\u013evek vekov\u00fa kateg\u00f3riu tak, aby si ka\u017ed\u00fd v na\u0161ej produkcii na\u0161iel svoje ob\u013e\u00faben\u00e9 piesne.<br \/>\nSamozrejmos\u0165ou je na\u0161a vlastn\u00e1 zvukov\u00e1 aparat\u00fara a sveteln\u00e9 efekty, ktor\u00e9 pr\u00edjemne doplnia atmosf\u00e9ru danej akcie.<\/p>\n<div style=\"width: 720px;\" class=\"wp-video\"><video class=\"wp-video-shortcode\" id=\"video-8-1\" width=\"720\" height=\"320\" poster=\"https:\/\/www.kapelaflash.sk\/wp-content\/uploads\/2018\/10\/PhotoFunia-144249587sirokem.jpg\" preload=\"metadata\" controls=\"controls\"><source type=\"video\/mp4\" src=\"https:\/\/www.kapelaflash.sk\/wp-content\/uploads\/2018\/10\/FLASH2.mp4?_=1\" \/><a href=\"https:\/\/www.kapelaflash.sk\/wp-content\/uploads\/2018\/10\/FLASH2.mp4\">https:\/\/www.kapelaflash.sk\/wp-content\/uploads\/2018\/10\/FLASH2.mp4<\/a><\/video><\/div>\n","protected":false},"excerpt":{"rendered":"<p>Skupina FLASH vznikla v roku 2011 z\u00a0 b\u00fdval\u00fdch muzikantov, ktor\u00ed hrali\u00a0v\u00a0r\u00f4znych kapel\u00e1ch . Dnes vystupujeme ako DUO. Hr\u00e1vame\u00a0 na r\u00f4znych akci\u00e1ch, ako narodeninov\u00e9 oslavy ,svadby,\u00a0 firemn\u00e9 akcie , plesy,\u00a0 z\u00e1bavy<\/p>\n<p class=\"more-link\"><a href=\"https:\/\/www.kapelaflash.sk\/?page_id=8\" class=\"readmore\">Continue reading<span class=\"screen-reader-text\">O N\u00c1S<\/span><\/a><\/p>\n","protected":false},"author":1,"featured_media":1127,"parent":0,"menu_order":0,"comment_status":"closed","ping_status":"closed","template":"","meta":{"jetpack_post_was_ever_published":false,"footnotes":""},"class_list":["post-8","page","type-page","status-publish","has-post-thumbnail","hentry"],"yoast_head":"<!-- This site is optimized with the Yoast SEO plugin v20.13 - https:\/\/yoast.com\/wordpress\/plugins\/seo\/ -->\n<title>O N\u00c1S - HUDBA PRE V\u0160ETKY UDALOSTI<\/title>\n<meta name=\"description\" content=\"HUDBA PRE V\u0160ETKY UDALOSTI\" \/>\n<meta name=\"robots\" content=\"index, follow, max-snippet:-1, max-image-preview:large, max-video-preview:-1\" \/>\n<link rel=\"canonical\" href=\"https:\/\/www.kapelaflash.sk\/?page_id=8\" \/>\n<meta property=\"og:locale\" content=\"sk_SK\" \/>\n<meta property=\"og:type\" content=\"article\" \/>\n<meta property=\"og:title\" content=\"O N\u00c1S - HUDBA PRE V\u0160ETKY UDALOSTI\" \/>\n<meta property=\"og:description\" content=\"HUDBA PRE V\u0160ETKY UDALOSTI\" \/>\n<meta property=\"og:url\" content=\"https:\/\/www.kapelaflash.sk\/?page_id=8\" \/>\n<meta property=\"og:site_name\" content=\"HUDBA PRE V\u0160ETKY UDALOSTI\" \/>\n<meta property=\"article:modified_time\" content=\"2024-01-05T10:29:31+00:00\" \/>\n<meta property=\"og:image\" content=\"https:\/\/www.kapelaflash.sk\/wp-content\/uploads\/2024\/01\/FLASH_SOJKAInPixio2-scaled.jpg\" \/>\n\t<meta property=\"og:image:width\" content=\"2560\" \/>\n\t<meta property=\"og:image:height\" content=\"784\" \/>\n\t<meta property=\"og:image:type\" content=\"image\/jpeg\" \/>\n<meta name=\"twitter:card\" content=\"summary_large_image\" \/>\n<meta name=\"twitter:label1\" content=\"Predpokladan\u00fd \u010das \u010d\u00edtania\" \/>\n\t<meta name=\"twitter:data1\" content=\"1 min\u00fata\" \/>\n<script type=\"application\/ld+json\" class=\"yoast-schema-graph\">{\"@context\":\"https:\/\/schema.org\",\"@graph\":[{\"@type\":\"WebPage\",\"@id\":\"https:\/\/www.kapelaflash.sk\/?page_id=8\",\"url\":\"https:\/\/www.kapelaflash.sk\/?page_id=8\",\"name\":\"O N\u00c1S - HUDBA PRE V\u0160ETKY UDALOSTI\",\"isPartOf\":{\"@id\":\"https:\/\/www.kapelaflash.sk\/#website\"},\"datePublished\":\"2018-10-02T12:46:33+00:00\",\"dateModified\":\"2024-01-05T10:29:31+00:00\",\"description\":\"HUDBA PRE V\u0160ETKY UDALOSTI\",\"breadcrumb\":{\"@id\":\"https:\/\/www.kapelaflash.sk\/?page_id=8#breadcrumb\"},\"inLanguage\":\"sk-SK\",\"potentialAction\":[{\"@type\":\"ReadAction\",\"target\":[\"https:\/\/www.kapelaflash.sk\/?page_id=8\"]}]},{\"@type\":\"BreadcrumbList\",\"@id\":\"https:\/\/www.kapelaflash.sk\/?page_id=8#breadcrumb\",\"itemListElement\":[{\"@type\":\"ListItem\",\"position\":1,\"name\":\"Domovsk\u00e1 str\u00e1nka\",\"item\":\"https:\/\/www.kapelaflash.sk\/\"},{\"@type\":\"ListItem\",\"position\":2,\"name\":\"O N\u00c1S\"}]},{\"@type\":\"WebSite\",\"@id\":\"https:\/\/www.kapelaflash.sk\/#website\",\"url\":\"https:\/\/www.kapelaflash.sk\/\",\"name\":\"HUDBA PRE V\u0160ETKY UDALOSTI\",\"description\":\"\",\"publisher\":{\"@id\":\"https:\/\/www.kapelaflash.sk\/#organization\"},\"potentialAction\":[{\"@type\":\"SearchAction\",\"target\":{\"@type\":\"EntryPoint\",\"urlTemplate\":\"https:\/\/www.kapelaflash.sk\/?s={search_term_string}\"},\"query-input\":\"required name=search_term_string\"}],\"inLanguage\":\"sk-SK\"},{\"@type\":\"Organization\",\"@id\":\"https:\/\/www.kapelaflash.sk\/#organization\",\"name\":\"HUDBA PRE V\u0160ETKY UDALOSTI\",\"url\":\"https:\/\/www.kapelaflash.sk\/\",\"logo\":{\"@type\":\"ImageObject\",\"inLanguage\":\"sk-SK\",\"@id\":\"https:\/\/www.kapelaflash.sk\/#\/schema\/logo\/image\/\",\"url\":\"https:\/\/www.kapelaflash.sk\/wp-content\/uploads\/2024\/01\/STODOLOVCI-FLASHmale2.jpg\",\"contentUrl\":\"https:\/\/www.kapelaflash.sk\/wp-content\/uploads\/2024\/01\/STODOLOVCI-FLASHmale2.jpg\",\"width\":160,\"height\":43,\"caption\":\"HUDBA PRE V\u0160ETKY UDALOSTI\"},\"image\":{\"@id\":\"https:\/\/www.kapelaflash.sk\/#\/schema\/logo\/image\/\"}}]}<\/script>\n<!-- \/ Yoast SEO plugin. -->","yoast_head_json":{"title":"O N\u00c1S - HUDBA PRE V\u0160ETKY UDALOSTI","description":"HUDBA PRE V\u0160ETKY UDALOSTI","robots":{"index":"index","follow":"follow","max-snippet":"max-snippet:-1","max-image-preview":"max-image-preview:large","max-video-preview":"max-video-preview:-1"},"canonical":"https:\/\/www.kapelaflash.sk\/?page_id=8","og_locale":"sk_SK","og_type":"article","og_title":"O N\u00c1S - HUDBA PRE V\u0160ETKY UDALOSTI","og_description":"HUDBA PRE V\u0160ETKY UDALOSTI","og_url":"https:\/\/www.kapelaflash.sk\/?page_id=8","og_site_name":"HUDBA PRE V\u0160ETKY UDALOSTI","article_modified_time":"2024-01-05T10:29:31+00:00","og_image":[{"width":2560,"height":784,"url":"https:\/\/www.kapelaflash.sk\/wp-content\/uploads\/2024\/01\/FLASH_SOJKAInPixio2-scaled.jpg","type":"image\/jpeg"}],"twitter_card":"summary_large_image","twitter_misc":{"Predpokladan\u00fd \u010das \u010d\u00edtania":"1 min\u00fata"},"schema":{"@context":"https:\/\/schema.org","@graph":[{"@type":"WebPage","@id":"https:\/\/www.kapelaflash.sk\/?page_id=8","url":"https:\/\/www.kapelaflash.sk\/?page_id=8","name":"O N\u00c1S - HUDBA PRE V\u0160ETKY UDALOSTI","isPartOf":{"@id":"https:\/\/www.kapelaflash.sk\/#website"},"datePublished":"2018-10-02T12:46:33+00:00","dateModified":"2024-01-05T10:29:31+00:00","description":"HUDBA PRE V\u0160ETKY UDALOSTI","breadcrumb":{"@id":"https:\/\/www.kapelaflash.sk\/?page_id=8#breadcrumb"},"inLanguage":"sk-SK","potentialAction":[{"@type":"ReadAction","target":["https:\/\/www.kapelaflash.sk\/?page_id=8"]}]},{"@type":"BreadcrumbList","@id":"https:\/\/www.kapelaflash.sk\/?page_id=8#breadcrumb","itemListElement":[{"@type":"ListItem","position":1,"name":"Domovsk\u00e1 str\u00e1nka","item":"https:\/\/www.kapelaflash.sk\/"},{"@type":"ListItem","position":2,"name":"O N\u00c1S"}]},{"@type":"WebSite","@id":"https:\/\/www.kapelaflash.sk\/#website","url":"https:\/\/www.kapelaflash.sk\/","name":"HUDBA PRE V\u0160ETKY UDALOSTI","description":"","publisher":{"@id":"https:\/\/www.kapelaflash.sk\/#organization"},"potentialAction":[{"@type":"SearchAction","target":{"@type":"EntryPoint","urlTemplate":"https:\/\/www.kapelaflash.sk\/?s={search_term_string}"},"query-input":"required name=search_term_string"}],"inLanguage":"sk-SK"},{"@type":"Organization","@id":"https:\/\/www.kapelaflash.sk\/#organization","name":"HUDBA PRE V\u0160ETKY UDALOSTI","url":"https:\/\/www.kapelaflash.sk\/","logo":{"@type":"ImageObject","inLanguage":"sk-SK","@id":"https:\/\/www.kapelaflash.sk\/#\/schema\/logo\/image\/","url":"https:\/\/www.kapelaflash.sk\/wp-content\/uploads\/2024\/01\/STODOLOVCI-FLASHmale2.jpg","contentUrl":"https:\/\/www.kapelaflash.sk\/wp-content\/uploads\/2024\/01\/STODOLOVCI-FLASHmale2.jpg","width":160,"height":43,"caption":"HUDBA PRE V\u0160ETKY UDALOSTI"},"image":{"@id":"https:\/\/www.kapelaflash.sk\/#\/schema\/logo\/image\/"}}]}},"jetpack_sharing_enabled":true,"jetpack_shortlink":"https:\/\/wp.me\/PakjvJ-8","_links":{"self":[{"href":"https:\/\/www.kapelaflash.sk\/index.php?rest_route=\/wp\/v2\/pages\/8","targetHints":{"allow":["GET"]}}],"collection":[{"href":"https:\/\/www.kapelaflash.sk\/index.php?rest_route=\/wp\/v2\/pages"}],"about":[{"href":"https:\/\/www.kapelaflash.sk\/index.php?rest_route=\/wp\/v2\/types\/page"}],"author":[{"embeddable":true,"href":"https:\/\/www.kapelaflash.sk\/index.php?rest_route=\/wp\/v2\/users\/1"}],"replies":[{"embeddable":true,"href":"https:\/\/www.kapelaflash.sk\/index.php?rest_route=%2Fwp%2Fv2%2Fcomments&post=8"}],"version-history":[{"count":12,"href":"https:\/\/www.kapelaflash.sk\/index.php?rest_route=\/wp\/v2\/pages\/8\/revisions"}],"predecessor-version":[{"id":1110,"href":"https:\/\/www.kapelaflash.sk\/index.php?rest_route=\/wp\/v2\/pages\/8\/revisions\/1110"}],"wp:featuredmedia":[{"embeddable":true,"href":"https:\/\/www.kapelaflash.sk\/index.php?rest_route=\/wp\/v2\/media\/1127"}],"wp:attachment":[{"href":"https:\/\/www.kapelaflash.sk\/index.php?rest_route=%2Fwp%2Fv2%2Fmedia&parent=8"}],"curies":[{"name":"wp","href":"https:\/\/api.w.org\/{rel}","templated":true}]}}