{"id":75,"date":"2018-10-03T08:27:10","date_gmt":"2018-10-03T08:27:10","guid":{"rendered":"https:\/\/www.kapelaflash.sk\/?page_id=75"},"modified":"2023-05-30T06:50:55","modified_gmt":"2023-05-30T06:50:55","slug":"ukazky","status":"publish","type":"page","link":"https:\/\/www.kapelaflash.sk\/?page_id=75","title":{"rendered":"UK\u00c1\u017dKY"},"content":{"rendered":"\n<figure class=\"wp-block-video\"><video height=\"288\" style=\"aspect-ratio: 640 \/ 288;\" width=\"640\" controls src=\"https:\/\/www.kapelaflash.sk\/wp-content\/uploads\/2023\/05\/10000000_6448038438582052_618979067801158246_n.mp4\"><\/video><\/figure>\n\n\n\n<figure class=\"wp-block-video\"><video height=\"288\" style=\"aspect-ratio: 640 \/ 288;\" width=\"640\" controls src=\"https:\/\/www.kapelaflash.sk\/wp-content\/uploads\/2023\/05\/312464680_8196132950458639_6707669082865384111_n.mp4\"><\/video><\/figure>\n\n\n<p><span class=\"embed-youtube\" style=\"text-align:center; display: block;\"><iframe loading=\"lazy\" class=\"youtube-player\" width=\"920\" height=\"518\" src=\"https:\/\/www.youtube.com\/embed\/AeJrDuOiwxM?version=3&#038;rel=1&#038;showsearch=0&#038;showinfo=1&#038;iv_load_policy=1&#038;fs=1&#038;hl=sk-SK&#038;autohide=2&#038;wmode=transparent\" allowfullscreen=\"true\" style=\"border:0;\" sandbox=\"allow-scripts allow-same-origin allow-popups allow-presentation allow-popups-to-escape-sandbox\"><\/iframe><\/span><\/p>\n<p><span class=\"embed-youtube\" style=\"text-align:center; display: block;\"><iframe loading=\"lazy\" class=\"youtube-player\" width=\"920\" height=\"518\" src=\"https:\/\/www.youtube.com\/embed\/U6NeiJKx60s?version=3&#038;rel=1&#038;showsearch=0&#038;showinfo=1&#038;iv_load_policy=1&#038;fs=1&#038;hl=sk-SK&#038;autohide=2&#038;wmode=transparent\" allowfullscreen=\"true\" style=\"border:0;\" sandbox=\"allow-scripts allow-same-origin allow-popups allow-presentation allow-popups-to-escape-sandbox\"><\/iframe><\/span><\/p>\n<p><span class=\"embed-youtube\" style=\"text-align:center; display: block;\"><iframe loading=\"lazy\" class=\"youtube-player\" width=\"920\" height=\"518\" src=\"https:\/\/www.youtube.com\/embed\/QEsqtegmg5M?version=3&#038;rel=1&#038;showsearch=0&#038;showinfo=1&#038;iv_load_policy=1&#038;fs=1&#038;hl=sk-SK&#038;autohide=2&#038;wmode=transparent\" allowfullscreen=\"true\" style=\"border:0;\" sandbox=\"allow-scripts allow-same-origin allow-popups allow-presentation allow-popups-to-escape-sandbox\"><\/iframe><\/span><\/p>\n<audio class=\"wp-audio-shortcode\" id=\"audio-75-1\" preload=\"none\" style=\"width: 100%;\" controls=\"controls\"><source type=\"audio\/mpeg\" src=\"https:\/\/www.kapelaflash.sk\/wp-content\/uploads\/2023\/03\/kde-si-vceraCHEER_EFEKT7.mp3?_=1\" \/><a href=\"https:\/\/www.kapelaflash.sk\/wp-content\/uploads\/2023\/03\/kde-si-vceraCHEER_EFEKT7.mp3\">https:\/\/www.kapelaflash.sk\/wp-content\/uploads\/2023\/03\/kde-si-vceraCHEER_EFEKT7.mp3<\/a><\/audio>","protected":false},"excerpt":{"rendered":"","protected":false},"author":1,"featured_media":52,"parent":0,"menu_order":0,"comment_status":"closed","ping_status":"closed","template":"","meta":{"jetpack_post_was_ever_published":false,"footnotes":""},"class_list":["post-75","page","type-page","status-publish","has-post-thumbnail","hentry"],"yoast_head":"<!-- This site is optimized with the Yoast SEO plugin v20.13 - https:\/\/yoast.com\/wordpress\/plugins\/seo\/ -->\n<title>UK\u00c1\u017dKY - HUDBA PRE V\u0160ETKY UDALOSTI<\/title>\n<meta name=\"robots\" content=\"index, follow, max-snippet:-1, max-image-preview:large, max-video-preview:-1\" \/>\n<link rel=\"canonical\" href=\"https:\/\/www.kapelaflash.sk\/?page_id=75\" \/>\n<meta property=\"og:locale\" content=\"sk_SK\" \/>\n<meta property=\"og:type\" content=\"article\" \/>\n<meta property=\"og:title\" content=\"UK\u00c1\u017dKY - HUDBA PRE V\u0160ETKY UDALOSTI\" \/>\n<meta property=\"og:url\" content=\"https:\/\/www.kapelaflash.sk\/?page_id=75\" \/>\n<meta property=\"og:site_name\" content=\"HUDBA PRE V\u0160ETKY UDALOSTI\" \/>\n<meta property=\"article:modified_time\" content=\"2023-05-30T06:50:55+00:00\" \/>\n<meta property=\"og:image\" content=\"https:\/\/www.kapelaflash.sk\/wp-content\/uploads\/2018\/10\/PhotoFunia-144249587sirokem.jpg\" \/>\n\t<meta property=\"og:image:width\" content=\"1024\" \/>\n\t<meta property=\"og:image:height\" content=\"399\" \/>\n\t<meta property=\"og:image:type\" content=\"image\/jpeg\" \/>\n<meta name=\"twitter:card\" content=\"summary_large_image\" \/>\n<meta name=\"twitter:label1\" content=\"Predpokladan\u00fd \u010das \u010d\u00edtania\" \/>\n\t<meta name=\"twitter:data1\" content=\"1 min\u00fata\" \/>\n<script type=\"application\/ld+json\" class=\"yoast-schema-graph\">{\"@context\":\"https:\/\/schema.org\",\"@graph\":[{\"@type\":\"WebPage\",\"@id\":\"https:\/\/www.kapelaflash.sk\/?page_id=75\",\"url\":\"https:\/\/www.kapelaflash.sk\/?page_id=75\",\"name\":\"UK\u00c1\u017dKY - HUDBA PRE V\u0160ETKY UDALOSTI\",\"isPartOf\":{\"@id\":\"https:\/\/www.kapelaflash.sk\/#website\"},\"datePublished\":\"2018-10-03T08:27:10+00:00\",\"dateModified\":\"2023-05-30T06:50:55+00:00\",\"breadcrumb\":{\"@id\":\"https:\/\/www.kapelaflash.sk\/?page_id=75#breadcrumb\"},\"inLanguage\":\"sk-SK\",\"potentialAction\":[{\"@type\":\"ReadAction\",\"target\":[\"https:\/\/www.kapelaflash.sk\/?page_id=75\"]}]},{\"@type\":\"BreadcrumbList\",\"@id\":\"https:\/\/www.kapelaflash.sk\/?page_id=75#breadcrumb\",\"itemListElement\":[{\"@type\":\"ListItem\",\"position\":1,\"name\":\"Domovsk\u00e1 str\u00e1nka\",\"item\":\"https:\/\/www.kapelaflash.sk\/\"},{\"@type\":\"ListItem\",\"position\":2,\"name\":\"UK\u00c1\u017dKY\"}]},{\"@type\":\"WebSite\",\"@id\":\"https:\/\/www.kapelaflash.sk\/#website\",\"url\":\"https:\/\/www.kapelaflash.sk\/\",\"name\":\"HUDBA PRE V\u0160ETKY UDALOSTI\",\"description\":\"\",\"publisher\":{\"@id\":\"https:\/\/www.kapelaflash.sk\/#organization\"},\"potentialAction\":[{\"@type\":\"SearchAction\",\"target\":{\"@type\":\"EntryPoint\",\"urlTemplate\":\"https:\/\/www.kapelaflash.sk\/?s={search_term_string}\"},\"query-input\":\"required name=search_term_string\"}],\"inLanguage\":\"sk-SK\"},{\"@type\":\"Organization\",\"@id\":\"https:\/\/www.kapelaflash.sk\/#organization\",\"name\":\"HUDBA PRE V\u0160ETKY UDALOSTI\",\"url\":\"https:\/\/www.kapelaflash.sk\/\",\"logo\":{\"@type\":\"ImageObject\",\"inLanguage\":\"sk-SK\",\"@id\":\"https:\/\/www.kapelaflash.sk\/#\/schema\/logo\/image\/\",\"url\":\"https:\/\/www.kapelaflash.sk\/wp-content\/uploads\/2024\/01\/STODOLOVCI-FLASHmale2.jpg\",\"contentUrl\":\"https:\/\/www.kapelaflash.sk\/wp-content\/uploads\/2024\/01\/STODOLOVCI-FLASHmale2.jpg\",\"width\":160,\"height\":43,\"caption\":\"HUDBA PRE V\u0160ETKY UDALOSTI\"},\"image\":{\"@id\":\"https:\/\/www.kapelaflash.sk\/#\/schema\/logo\/image\/\"}}]}<\/script>\n<!-- \/ Yoast SEO plugin. -->","yoast_head_json":{"title":"UK\u00c1\u017dKY - HUDBA PRE V\u0160ETKY UDALOSTI","robots":{"index":"index","follow":"follow","max-snippet":"max-snippet:-1","max-image-preview":"max-image-preview:large","max-video-preview":"max-video-preview:-1"},"canonical":"https:\/\/www.kapelaflash.sk\/?page_id=75","og_locale":"sk_SK","og_type":"article","og_title":"UK\u00c1\u017dKY - HUDBA PRE V\u0160ETKY UDALOSTI","og_url":"https:\/\/www.kapelaflash.sk\/?page_id=75","og_site_name":"HUDBA PRE V\u0160ETKY UDALOSTI","article_modified_time":"2023-05-30T06:50:55+00:00","og_image":[{"width":1024,"height":399,"url":"https:\/\/www.kapelaflash.sk\/wp-content\/uploads\/2018\/10\/PhotoFunia-144249587sirokem.jpg","type":"image\/jpeg"}],"twitter_card":"summary_large_image","twitter_misc":{"Predpokladan\u00fd \u010das \u010d\u00edtania":"1 min\u00fata"},"schema":{"@context":"https:\/\/schema.org","@graph":[{"@type":"WebPage","@id":"https:\/\/www.kapelaflash.sk\/?page_id=75","url":"https:\/\/www.kapelaflash.sk\/?page_id=75","name":"UK\u00c1\u017dKY - HUDBA PRE V\u0160ETKY UDALOSTI","isPartOf":{"@id":"https:\/\/www.kapelaflash.sk\/#website"},"datePublished":"2018-10-03T08:27:10+00:00","dateModified":"2023-05-30T06:50:55+00:00","breadcrumb":{"@id":"https:\/\/www.kapelaflash.sk\/?page_id=75#breadcrumb"},"inLanguage":"sk-SK","potentialAction":[{"@type":"ReadAction","target":["https:\/\/www.kapelaflash.sk\/?page_id=75"]}]},{"@type":"BreadcrumbList","@id":"https:\/\/www.kapelaflash.sk\/?page_id=75#breadcrumb","itemListElement":[{"@type":"ListItem","position":1,"name":"Domovsk\u00e1 str\u00e1nka","item":"https:\/\/www.kapelaflash.sk\/"},{"@type":"ListItem","position":2,"name":"UK\u00c1\u017dKY"}]},{"@type":"WebSite","@id":"https:\/\/www.kapelaflash.sk\/#website","url":"https:\/\/www.kapelaflash.sk\/","name":"HUDBA PRE V\u0160ETKY UDALOSTI","description":"","publisher":{"@id":"https:\/\/www.kapelaflash.sk\/#organization"},"potentialAction":[{"@type":"SearchAction","target":{"@type":"EntryPoint","urlTemplate":"https:\/\/www.kapelaflash.sk\/?s={search_term_string}"},"query-input":"required name=search_term_string"}],"inLanguage":"sk-SK"},{"@type":"Organization","@id":"https:\/\/www.kapelaflash.sk\/#organization","name":"HUDBA PRE V\u0160ETKY UDALOSTI","url":"https:\/\/www.kapelaflash.sk\/","logo":{"@type":"ImageObject","inLanguage":"sk-SK","@id":"https:\/\/www.kapelaflash.sk\/#\/schema\/logo\/image\/","url":"https:\/\/www.kapelaflash.sk\/wp-content\/uploads\/2024\/01\/STODOLOVCI-FLASHmale2.jpg","contentUrl":"https:\/\/www.kapelaflash.sk\/wp-content\/uploads\/2024\/01\/STODOLOVCI-FLASHmale2.jpg","width":160,"height":43,"caption":"HUDBA PRE V\u0160ETKY UDALOSTI"},"image":{"@id":"https:\/\/www.kapelaflash.sk\/#\/schema\/logo\/image\/"}}]}},"jetpack_sharing_enabled":true,"jetpack_shortlink":"https:\/\/wp.me\/PakjvJ-1d","_links":{"self":[{"href":"https:\/\/www.kapelaflash.sk\/index.php?rest_route=\/wp\/v2\/pages\/75","targetHints":{"allow":["GET"]}}],"collection":[{"href":"https:\/\/www.kapelaflash.sk\/index.php?rest_route=\/wp\/v2\/pages"}],"about":[{"href":"https:\/\/www.kapelaflash.sk\/index.php?rest_route=\/wp\/v2\/types\/page"}],"author":[{"embeddable":true,"href":"https:\/\/www.kapelaflash.sk\/index.php?rest_route=\/wp\/v2\/users\/1"}],"replies":[{"embeddable":true,"href":"https:\/\/www.kapelaflash.sk\/index.php?rest_route=%2Fwp%2Fv2%2Fcomments&post=75"}],"version-history":[{"count":21,"href":"https:\/\/www.kapelaflash.sk\/index.php?rest_route=\/wp\/v2\/pages\/75\/revisions"}],"predecessor-version":[{"id":891,"href":"https:\/\/www.kapelaflash.sk\/index.php?rest_route=\/wp\/v2\/pages\/75\/revisions\/891"}],"wp:featuredmedia":[{"embeddable":true,"href":"https:\/\/www.kapelaflash.sk\/index.php?rest_route=\/wp\/v2\/media\/52"}],"wp:attachment":[{"href":"https:\/\/www.kapelaflash.sk\/index.php?rest_route=%2Fwp%2Fv2%2Fmedia&parent=75"}],"curies":[{"name":"wp","href":"https:\/\/api.w.org\/{rel}","templated":true}]}}