{"id":7,"date":"2018-10-02T12:46:33","date_gmt":"2018-10-02T12:46:33","guid":{"rendered":"https:\/\/www.kapelaflash.sk\/?page_id=7"},"modified":"2024-01-05T10:21:53","modified_gmt":"2024-01-05T10:21:53","slug":"uvod","status":"publish","type":"page","link":"https:\/\/www.kapelaflash.sk\/","title":{"rendered":"\u00daVOD"},"content":{"rendered":"<h1 style=\"text-align: center;\"><em>&nbsp; &nbsp; &nbsp; &nbsp; &nbsp; &nbsp; &nbsp; &nbsp; &nbsp; &nbsp; &nbsp; &nbsp; &nbsp; &nbsp; &nbsp; &nbsp;<img loading=\"lazy\" decoding=\"async\" class=\"alignnone  wp-image-182\" src=\"https:\/\/www.kapelaflash.sk\/wp-content\/uploads\/2018\/12\/STODOLOVCI-FLASH-1-300x81.png\" alt=\"\" width=\"456\" height=\"123\" srcset=\"https:\/\/www.kapelaflash.sk\/wp-content\/uploads\/2018\/12\/STODOLOVCI-FLASH-1-300x81.png 300w, https:\/\/www.kapelaflash.sk\/wp-content\/uploads\/2018\/12\/STODOLOVCI-FLASH-1.png 447w\" sizes=\"auto, (max-width: 456px) 100vw, 456px\" \/><\/em><\/h1>\n<h1 style=\"text-align: center;\"><em>&nbsp; &nbsp; &nbsp; &nbsp; &nbsp;Hudba pre va\u0161u z\u00e1bavu&#8230;<\/em><\/h1>\n<h1 style=\"text-align: center;\"><img loading=\"lazy\" decoding=\"async\" class=\"wp-image-115 aligncenter\" src=\"https:\/\/www.kapelaflash.sk\/wp-content\/uploads\/2018\/10\/art-1861482_960_720-173x300.png\" alt=\"\" width=\"120\" height=\"208\" srcset=\"https:\/\/www.kapelaflash.sk\/wp-content\/uploads\/2018\/10\/art-1861482_960_720-173x300.png 173w, https:\/\/www.kapelaflash.sk\/wp-content\/uploads\/2018\/10\/art-1861482_960_720.png 416w\" sizes=\"auto, (max-width: 120px) 100vw, 120px\" \/><\/h1>\n","protected":false},"excerpt":{"rendered":"<p>&nbsp; &nbsp; &nbsp; &nbsp; &nbsp; &nbsp; &nbsp; &nbsp; &nbsp; &nbsp; &nbsp; &nbsp; &nbsp; &nbsp; &nbsp; &nbsp; &nbsp; &nbsp; &nbsp; &nbsp; &nbsp;Hudba pre va\u0161u z\u00e1bavu&#8230;<\/p>\n","protected":false},"author":1,"featured_media":1126,"parent":0,"menu_order":0,"comment_status":"closed","ping_status":"closed","template":"","meta":{"jetpack_post_was_ever_published":false,"footnotes":""},"class_list":["post-7","page","type-page","status-publish","has-post-thumbnail","hentry"],"yoast_head":"<!-- This site is optimized with the Yoast SEO plugin v20.13 - https:\/\/yoast.com\/wordpress\/plugins\/seo\/ -->\n<title>\u00daVOD - HUDBA PRE V\u0160ETKY UDALOSTI<\/title>\n<meta name=\"robots\" content=\"index, follow, max-snippet:-1, max-image-preview:large, max-video-preview:-1\" \/>\n<link rel=\"canonical\" href=\"https:\/\/www.kapelaflash.sk\/\" \/>\n<meta property=\"og:locale\" content=\"sk_SK\" \/>\n<meta property=\"og:type\" content=\"article\" \/>\n<meta property=\"og:title\" content=\"\u00daVOD - HUDBA PRE V\u0160ETKY UDALOSTI\" \/>\n<meta property=\"og:description\" content=\"&nbsp; &nbsp; &nbsp; &nbsp; &nbsp; &nbsp; &nbsp; &nbsp; &nbsp; &nbsp; &nbsp; &nbsp; &nbsp; &nbsp; &nbsp; &nbsp; &nbsp; &nbsp; &nbsp; &nbsp; &nbsp;Hudba pre va\u0161u z\u00e1bavu&#8230;\" \/>\n<meta property=\"og:url\" content=\"https:\/\/www.kapelaflash.sk\/\" \/>\n<meta property=\"og:site_name\" content=\"HUDBA PRE V\u0160ETKY UDALOSTI\" \/>\n<meta property=\"article:modified_time\" content=\"2024-01-05T10:21:53+00:00\" \/>\n<meta property=\"og:image\" content=\"https:\/\/www.kapelaflash.sk\/wp-content\/uploads\/2024\/01\/cropped-FB_IMG_1704064239288-1.jpg\" \/>\n\t<meta property=\"og:image:width\" content=\"1062\" \/>\n\t<meta property=\"og:image:height\" content=\"564\" \/>\n\t<meta property=\"og:image:type\" content=\"image\/jpeg\" \/>\n<meta name=\"twitter:card\" content=\"summary_large_image\" \/>\n<meta name=\"twitter:label1\" content=\"Predpokladan\u00fd \u010das \u010d\u00edtania\" \/>\n\t<meta name=\"twitter:data1\" content=\"1 min\u00fata\" \/>\n<script type=\"application\/ld+json\" class=\"yoast-schema-graph\">{\"@context\":\"https:\/\/schema.org\",\"@graph\":[{\"@type\":\"WebPage\",\"@id\":\"https:\/\/www.kapelaflash.sk\/\",\"url\":\"https:\/\/www.kapelaflash.sk\/\",\"name\":\"\u00daVOD - HUDBA PRE V\u0160ETKY UDALOSTI\",\"isPartOf\":{\"@id\":\"https:\/\/www.kapelaflash.sk\/#website\"},\"datePublished\":\"2018-10-02T12:46:33+00:00\",\"dateModified\":\"2024-01-05T10:21:53+00:00\",\"breadcrumb\":{\"@id\":\"https:\/\/www.kapelaflash.sk\/#breadcrumb\"},\"inLanguage\":\"sk-SK\",\"potentialAction\":[{\"@type\":\"ReadAction\",\"target\":[\"https:\/\/www.kapelaflash.sk\/\"]}]},{\"@type\":\"BreadcrumbList\",\"@id\":\"https:\/\/www.kapelaflash.sk\/#breadcrumb\",\"itemListElement\":[{\"@type\":\"ListItem\",\"position\":1,\"name\":\"Domovsk\u00e1 str\u00e1nka\",\"item\":\"https:\/\/www.kapelaflash.sk\/\"},{\"@type\":\"ListItem\",\"position\":2,\"name\":\"\u00daVOD\"}]},{\"@type\":\"WebSite\",\"@id\":\"https:\/\/www.kapelaflash.sk\/#website\",\"url\":\"https:\/\/www.kapelaflash.sk\/\",\"name\":\"HUDBA PRE V\u0160ETKY UDALOSTI\",\"description\":\"\",\"publisher\":{\"@id\":\"https:\/\/www.kapelaflash.sk\/#organization\"},\"potentialAction\":[{\"@type\":\"SearchAction\",\"target\":{\"@type\":\"EntryPoint\",\"urlTemplate\":\"https:\/\/www.kapelaflash.sk\/?s={search_term_string}\"},\"query-input\":\"required name=search_term_string\"}],\"inLanguage\":\"sk-SK\"},{\"@type\":\"Organization\",\"@id\":\"https:\/\/www.kapelaflash.sk\/#organization\",\"name\":\"HUDBA PRE V\u0160ETKY UDALOSTI\",\"url\":\"https:\/\/www.kapelaflash.sk\/\",\"logo\":{\"@type\":\"ImageObject\",\"inLanguage\":\"sk-SK\",\"@id\":\"https:\/\/www.kapelaflash.sk\/#\/schema\/logo\/image\/\",\"url\":\"https:\/\/www.kapelaflash.sk\/wp-content\/uploads\/2024\/01\/STODOLOVCI-FLASHmale2.jpg\",\"contentUrl\":\"https:\/\/www.kapelaflash.sk\/wp-content\/uploads\/2024\/01\/STODOLOVCI-FLASHmale2.jpg\",\"width\":160,\"height\":43,\"caption\":\"HUDBA PRE V\u0160ETKY UDALOSTI\"},\"image\":{\"@id\":\"https:\/\/www.kapelaflash.sk\/#\/schema\/logo\/image\/\"}}]}<\/script>\n<!-- \/ Yoast SEO plugin. -->","yoast_head_json":{"title":"\u00daVOD - HUDBA PRE V\u0160ETKY UDALOSTI","robots":{"index":"index","follow":"follow","max-snippet":"max-snippet:-1","max-image-preview":"max-image-preview:large","max-video-preview":"max-video-preview:-1"},"canonical":"https:\/\/www.kapelaflash.sk\/","og_locale":"sk_SK","og_type":"article","og_title":"\u00daVOD - HUDBA PRE V\u0160ETKY UDALOSTI","og_description":"&nbsp; &nbsp; &nbsp; &nbsp; &nbsp; &nbsp; &nbsp; &nbsp; &nbsp; &nbsp; &nbsp; &nbsp; &nbsp; &nbsp; &nbsp; &nbsp; &nbsp; &nbsp; &nbsp; &nbsp; &nbsp;Hudba pre va\u0161u z\u00e1bavu&#8230;","og_url":"https:\/\/www.kapelaflash.sk\/","og_site_name":"HUDBA PRE V\u0160ETKY UDALOSTI","article_modified_time":"2024-01-05T10:21:53+00:00","og_image":[{"width":1062,"height":564,"url":"https:\/\/www.kapelaflash.sk\/wp-content\/uploads\/2024\/01\/cropped-FB_IMG_1704064239288-1.jpg","type":"image\/jpeg"}],"twitter_card":"summary_large_image","twitter_misc":{"Predpokladan\u00fd \u010das \u010d\u00edtania":"1 min\u00fata"},"schema":{"@context":"https:\/\/schema.org","@graph":[{"@type":"WebPage","@id":"https:\/\/www.kapelaflash.sk\/","url":"https:\/\/www.kapelaflash.sk\/","name":"\u00daVOD - HUDBA PRE V\u0160ETKY UDALOSTI","isPartOf":{"@id":"https:\/\/www.kapelaflash.sk\/#website"},"datePublished":"2018-10-02T12:46:33+00:00","dateModified":"2024-01-05T10:21:53+00:00","breadcrumb":{"@id":"https:\/\/www.kapelaflash.sk\/#breadcrumb"},"inLanguage":"sk-SK","potentialAction":[{"@type":"ReadAction","target":["https:\/\/www.kapelaflash.sk\/"]}]},{"@type":"BreadcrumbList","@id":"https:\/\/www.kapelaflash.sk\/#breadcrumb","itemListElement":[{"@type":"ListItem","position":1,"name":"Domovsk\u00e1 str\u00e1nka","item":"https:\/\/www.kapelaflash.sk\/"},{"@type":"ListItem","position":2,"name":"\u00daVOD"}]},{"@type":"WebSite","@id":"https:\/\/www.kapelaflash.sk\/#website","url":"https:\/\/www.kapelaflash.sk\/","name":"HUDBA PRE V\u0160ETKY UDALOSTI","description":"","publisher":{"@id":"https:\/\/www.kapelaflash.sk\/#organization"},"potentialAction":[{"@type":"SearchAction","target":{"@type":"EntryPoint","urlTemplate":"https:\/\/www.kapelaflash.sk\/?s={search_term_string}"},"query-input":"required name=search_term_string"}],"inLanguage":"sk-SK"},{"@type":"Organization","@id":"https:\/\/www.kapelaflash.sk\/#organization","name":"HUDBA PRE V\u0160ETKY UDALOSTI","url":"https:\/\/www.kapelaflash.sk\/","logo":{"@type":"ImageObject","inLanguage":"sk-SK","@id":"https:\/\/www.kapelaflash.sk\/#\/schema\/logo\/image\/","url":"https:\/\/www.kapelaflash.sk\/wp-content\/uploads\/2024\/01\/STODOLOVCI-FLASHmale2.jpg","contentUrl":"https:\/\/www.kapelaflash.sk\/wp-content\/uploads\/2024\/01\/STODOLOVCI-FLASHmale2.jpg","width":160,"height":43,"caption":"HUDBA PRE V\u0160ETKY UDALOSTI"},"image":{"@id":"https:\/\/www.kapelaflash.sk\/#\/schema\/logo\/image\/"}}]}},"jetpack_sharing_enabled":true,"jetpack_shortlink":"https:\/\/wp.me\/PakjvJ-7","_links":{"self":[{"href":"https:\/\/www.kapelaflash.sk\/index.php?rest_route=\/wp\/v2\/pages\/7","targetHints":{"allow":["GET"]}}],"collection":[{"href":"https:\/\/www.kapelaflash.sk\/index.php?rest_route=\/wp\/v2\/pages"}],"about":[{"href":"https:\/\/www.kapelaflash.sk\/index.php?rest_route=\/wp\/v2\/types\/page"}],"author":[{"embeddable":true,"href":"https:\/\/www.kapelaflash.sk\/index.php?rest_route=\/wp\/v2\/users\/1"}],"replies":[{"embeddable":true,"href":"https:\/\/www.kapelaflash.sk\/index.php?rest_route=%2Fwp%2Fv2%2Fcomments&post=7"}],"version-history":[{"count":14,"href":"https:\/\/www.kapelaflash.sk\/index.php?rest_route=\/wp\/v2\/pages\/7\/revisions"}],"predecessor-version":[{"id":1111,"href":"https:\/\/www.kapelaflash.sk\/index.php?rest_route=\/wp\/v2\/pages\/7\/revisions\/1111"}],"wp:featuredmedia":[{"embeddable":true,"href":"https:\/\/www.kapelaflash.sk\/index.php?rest_route=\/wp\/v2\/media\/1126"}],"wp:attachment":[{"href":"https:\/\/www.kapelaflash.sk\/index.php?rest_route=%2Fwp%2Fv2%2Fmedia&parent=7"}],"curies":[{"name":"wp","href":"https:\/\/api.w.org\/{rel}","templated":true}]}}